{"id":408,"date":"2022-05-31T11:16:57","date_gmt":"2022-05-31T11:16:57","guid":{"rendered":"http:\/\/cec-regina.com.ar\/?page_id=408"},"modified":"2022-05-31T20:24:17","modified_gmt":"2022-05-31T20:24:17","slug":"que-es-el-mobbing","status":"publish","type":"page","link":"https:\/\/cec-regina.com.ar\/?page_id=408","title":{"rendered":"\u00bfQu\u00e9 es el MOBBING?"},"content":{"rendered":"<p>&nbsp;<\/p>\n<p>Es el Acoso u hostigamiento, aplicado al \u00e1mbito laboral, para describir situaciones en las que el trabajador se convierte en el blanco del grupo al que pertenece siendo sometido por \u00e9ste o por algunos de sus miembros a una persecuci\u00f3n que le va a producir importantes trastornos de salud f\u00edsica y ps\u00edquica, siendo necesario en muchos casos la asistencia m\u00e9dica y psicol\u00f3gica.<\/p>\n<p>Tiene una relaci\u00f3n asim\u00e9trica de poder, no necesariamente jer\u00e1rquica, puede darse por experiencia adquirida, etc.<\/p>\n<p>Se produce en forma sistem\u00e1tica y recurrente, al menos una vez por semana durante un tiempo prolongado (por lo menos seis meses), con la finalidad de destruir las relaciones de comunicaci\u00f3n de la v\u00edctima, su reputaci\u00f3n, y lograr que \u00e9ste abandone su trabajo.<\/p>\n<p><strong><u>NO ES MOBBING:<\/u><\/strong><br \/>\n&#8211; Estr\u00e9s<br \/>\n&#8211; Acoso sexual<br \/>\n&#8211; Bornout<br \/>\n&#8211; Aislamiento por colegas<br \/>\n&#8211; Conflicto profesional<br \/>\n&#8211; Violencia f\u00edsica<br \/>\n&#8211; Agresiones eventuales<\/p>\n<p>&nbsp;<\/p>\n<p><strong>\u00bfCOMO SE EJERCE?<\/strong><\/p>\n<p>Se producen agresiones:<\/p>\n<p><strong><u>ORGANIZATIVAS<\/u><\/strong><\/p>\n<p>&#8211; Limitar la posibilidad de hablar<br \/>\n&#8211; Aislarlo<br \/>\n&#8211; Encargar tareas muy superiores o inferiores a sus capacidades<br \/>\n&#8211; No asignarle tareas, o que estas sean degradantes o in\u00fatiles<\/p>\n<p><strong><u>CONTRA LA INTIMIDAD<\/u><\/strong><\/p>\n<p>&#8211; Hablar mal de \u00e9l<br \/>\n&#8211; Mofarse de sus defectos<br \/>\n&#8211; Burlarse de su vida privada<br \/>\n&#8211; Difundir rumores falsos acerca de \u00e9l<br \/>\n&#8211; Burlarse de sus creencias y valores \u00e9ticos<\/p>\n<p><strong><u>VERBALES Y F\u00cdSICAS<\/u><\/strong><\/p>\n<p>&#8211; Criticarlo permanentemente<br \/>\n&#8211; Calumniarlo<br \/>\n&#8211; Gritarle<br \/>\n&#8211; Agredirlo f\u00edsicamente<\/p>\n<p><strong><u>AISLAMIENTO SOCIAL<\/u><\/strong><\/p>\n<p>&#8211; Ignorarlo<br \/>\n&#8211; Negar la comunicaci\u00f3n<br \/>\n&#8211; Impedir a los compa\u00f1eros que le hablen<br \/>\n&#8211; Rehusar la comunicaci\u00f3n con gestos y miradas<\/p>\n<p>&nbsp;<\/p>\n<p><strong>CONSECUENCIAS QUE AFECTAN A LOS TRABAJADORES QUE SUFREN DE MOBBING<\/strong><\/p>\n<p><strong><u>PERSONALES<\/u><\/strong><\/p>\n<p>&#8211; Miedo acentuado y continuo<br \/>\n&#8211; Ansiedad en estado constante<br \/>\n&#8211; Trastornos emocionales<br \/>\n&#8211; Trastornos psicosociales<br \/>\n&#8211; Alteraci\u00f3n del sue\u00f1o<br \/>\n&#8211; Trastornos de alimentaci\u00f3n<br \/>\n&#8211; Agresividad<br \/>\n&#8211; Depresi\u00f3n grave y hasta suicidio<\/p>\n<p><strong><u>LABORALES<\/u><\/strong><\/p>\n<p>&#8211; Mal clima y ambiente de trabajo<br \/>\n&#8211; Descenso de la creatividad e innovaci\u00f3n<br \/>\n&#8211; Mayor ausentismo y bajas laborales<br \/>\n&#8211; Aumento de probabilidad de accidentes por desatenci\u00f3n<\/p>\n<p><u><strong>PARA LA EMPRESA<\/strong><\/u><\/p>\n<p>&#8211; Disminuci\u00f3n de la eficacia y nivel de atenci\u00f3n a los clientes<br \/>\n&#8211; Disminuye el n\u00famero de clientes por empeoramiento de los servicios prestados<br \/>\n&#8211; Deterioro de la imagen de la empresa ante los consumidores<\/p>\n<p>&nbsp;<\/p>\n<p><strong>ESTRATEGIAS DE\u00a0<\/strong><b>INTERVENCI\u00d3N<\/b><\/p>\n<p>&#8211; Tomar conciencia de la situaci\u00f3n<br \/>\n&#8211; Localizar al acosador<br \/>\n&#8211; Investigar y analizar qu\u00e9 poder tiene y como lo ha obtenido<br \/>\n&#8211; Analizar los recursos disponibles: apoyo familiar, terap\u00e9utico, intervenci\u00f3n sindical, etc. Solicitar ayuda interna (a compa\u00f1eros, personas influyentes al acosador, comunicaci\u00f3n al empresario) y externa (Asistencia m\u00e9dica, jur\u00eddica y psicol\u00f3gica)<br \/>\n&#8211; Asesoramiento legal<\/p>\n<p><strong>Quien sufre Acoso Psicol\u00f3gico Laboral, NECESITA AYUDA, no dude en buscar asistencia profesional, concurra a su SINDICATO.<\/strong><\/p>\n<p>&nbsp;<\/p>\n<p><img decoding=\"async\" loading=\"lazy\" class=\"aligncenter wp-image-413 size-full\" src=\"http:\/\/cec-regina.com.ar\/wp-content\/uploads\/2022\/05\/mmobbig-2.png\" alt=\"\" width=\"920\" height=\"571\" srcset=\"https:\/\/cec-regina.com.ar\/wp-content\/uploads\/2022\/05\/mmobbig-2.png 920w, https:\/\/cec-regina.com.ar\/wp-content\/uploads\/2022\/05\/mmobbig-2-300x186.png 300w, https:\/\/cec-regina.com.ar\/wp-content\/uploads\/2022\/05\/mmobbig-2-768x477.png 768w\" sizes=\"(max-width: 920px) 100vw, 920px\" \/><\/p>\n","protected":false},"excerpt":{"rendered":"<p>&nbsp; Es el Acoso u hostigamiento, aplicado al \u00e1mbito laboral, para describir situaciones en las que el trabajador se convierte en el blanco del grupo al que pertenece siendo sometido por \u00e9ste<a class=\"moretag\" href=\"https:\/\/cec-regina.com.ar\/?page_id=408\">Leer m\u00e1s&#8230;<\/a><\/p>\n","protected":false},"author":1,"featured_media":0,"parent":0,"menu_order":0,"comment_status":"closed","ping_status":"closed","template":"","meta":{"footnotes":"","_links_to":"","_links_to_target":""},"_links":{"self":[{"href":"https:\/\/cec-regina.com.ar\/index.php?rest_route=\/wp\/v2\/pages\/408"}],"collection":[{"href":"https:\/\/cec-regina.com.ar\/index.php?rest_route=\/wp\/v2\/pages"}],"about":[{"href":"https:\/\/cec-regina.com.ar\/index.php?rest_route=\/wp\/v2\/types\/page"}],"author":[{"embeddable":true,"href":"https:\/\/cec-regina.com.ar\/index.php?rest_route=\/wp\/v2\/users\/1"}],"replies":[{"embeddable":true,"href":"https:\/\/cec-regina.com.ar\/index.php?rest_route=%2Fwp%2Fv2%2Fcomments&post=408"}],"version-history":[{"count":4,"href":"https:\/\/cec-regina.com.ar\/index.php?rest_route=\/wp\/v2\/pages\/408\/revisions"}],"predecessor-version":[{"id":440,"href":"https:\/\/cec-regina.com.ar\/index.php?rest_route=\/wp\/v2\/pages\/408\/revisions\/440"}],"wp:attachment":[{"href":"https:\/\/cec-regina.com.ar\/index.php?rest_route=%2Fwp%2Fv2%2Fmedia&parent=408"}],"curies":[{"name":"wp","href":"https:\/\/api.w.org\/{rel}","templated":true}]}}