{"id":459,"date":"2022-05-31T20:56:07","date_gmt":"2022-05-31T20:56:07","guid":{"rendered":"http:\/\/cec-regina.com.ar\/?page_id=459"},"modified":"2022-06-06T13:42:21","modified_gmt":"2022-06-06T13:42:21","slug":"salarios","status":"publish","type":"page","link":"https:\/\/cec-regina.com.ar\/?page_id=459","title":{"rendered":"Salarios"},"content":{"rendered":"<p>&nbsp;<\/p>\n<p><img decoding=\"async\" loading=\"lazy\" class=\" wp-image-460 alignleft\" src=\"http:\/\/cec-regina.com.ar\/wp-content\/uploads\/2022\/05\/5.png\" alt=\"\" width=\"162\" height=\"158\" \/><\/p>\n<p>&nbsp;<\/p>\n<p>El salario m\u00ednimo no debe ser inferior al de la escala del Convenio Colectivo de Trabajo N\u00ba 130\/75.<\/p>\n<p>El mismo debe ser abonado dentro de los cinco d\u00edas h\u00e1biles de cada mes, seg\u00fan el art\u00edculo 128 de la ley de Contrato de Trabajo.<\/p>\n","protected":false},"excerpt":{"rendered":"<p>&nbsp; &nbsp; El salario m\u00ednimo no debe ser inferior al de la escala del Convenio Colectivo de Trabajo N\u00ba 130\/75. El mismo debe ser abonado dentro de los cinco d\u00edas h\u00e1biles de<a class=\"moretag\" href=\"https:\/\/cec-regina.com.ar\/?page_id=459\">Leer m\u00e1s&#8230;<\/a><\/p>\n","protected":false},"author":1,"featured_media":0,"parent":0,"menu_order":0,"comment_status":"closed","ping_status":"closed","template":"","meta":{"footnotes":"","_links_to":"","_links_to_target":""},"_links":{"self":[{"href":"https:\/\/cec-regina.com.ar\/index.php?rest_route=\/wp\/v2\/pages\/459"}],"collection":[{"href":"https:\/\/cec-regina.com.ar\/index.php?rest_route=\/wp\/v2\/pages"}],"about":[{"href":"https:\/\/cec-regina.com.ar\/index.php?rest_route=\/wp\/v2\/types\/page"}],"author":[{"embeddable":true,"href":"https:\/\/cec-regina.com.ar\/index.php?rest_route=\/wp\/v2\/users\/1"}],"replies":[{"embeddable":true,"href":"https:\/\/cec-regina.com.ar\/index.php?rest_route=%2Fwp%2Fv2%2Fcomments&post=459"}],"version-history":[{"count":11,"href":"https:\/\/cec-regina.com.ar\/index.php?rest_route=\/wp\/v2\/pages\/459\/revisions"}],"predecessor-version":[{"id":1176,"href":"https:\/\/cec-regina.com.ar\/index.php?rest_route=\/wp\/v2\/pages\/459\/revisions\/1176"}],"wp:attachment":[{"href":"https:\/\/cec-regina.com.ar\/index.php?rest_route=%2Fwp%2Fv2%2Fmedia&parent=459"}],"curies":[{"name":"wp","href":"https:\/\/api.w.org\/{rel}","templated":true}]}}