{"id":503,"date":"2022-05-31T21:46:29","date_gmt":"2022-05-31T21:46:29","guid":{"rendered":"http:\/\/cec-regina.com.ar\/?page_id=503"},"modified":"2022-05-31T21:50:20","modified_gmt":"2022-05-31T21:50:20","slug":"seguro-de-retiro","status":"publish","type":"page","link":"https:\/\/cec-regina.com.ar\/?page_id=503","title":{"rendered":"Seguro de Retiro"},"content":{"rendered":"<p>&nbsp;<\/p>\n<p>Cuando una relaci\u00f3n laboral se extingue, cualquiera fuera la causa, el empleador deber\u00e1 entregar al empleado una certificaci\u00f3n de servicio y remuneraciones.<\/p>\n<p>En esta oportunidad el trabajador reclamar\u00e1 el Seguro de Retiro La Estrella. En este caso, corresponde el reclamo y puede gestionar el tr\u00e1mite en nuestro sindicato donde se le brindar\u00e1 al afiliado toda la informaci\u00f3n necesaria a presentar. Este seguro es un aporte patronal, no hay descuento en el recibo de haberes, y el empleado percibir\u00e1 el 1,75% de sus aportes depositados por el empleador. Vigencia del seguro julio\/91.<\/p>\n<p><img decoding=\"async\" loading=\"lazy\" class=\"aligncenter wp-image-505 size-full\" src=\"http:\/\/cec-regina.com.ar\/wp-content\/uploads\/2022\/05\/seg.png\" alt=\"\" width=\"316\" height=\"159\" srcset=\"https:\/\/cec-regina.com.ar\/wp-content\/uploads\/2022\/05\/seg.png 316w, https:\/\/cec-regina.com.ar\/wp-content\/uploads\/2022\/05\/seg-300x151.png 300w\" sizes=\"(max-width: 316px) 100vw, 316px\" \/><\/p>\n","protected":false},"excerpt":{"rendered":"<p>&nbsp; Cuando una relaci\u00f3n laboral se extingue, cualquiera fuera la causa, el empleador deber\u00e1 entregar al empleado una certificaci\u00f3n de servicio y remuneraciones. En esta oportunidad el trabajador reclamar\u00e1 el Seguro de<a class=\"moretag\" href=\"https:\/\/cec-regina.com.ar\/?page_id=503\">Leer m\u00e1s&#8230;<\/a><\/p>\n","protected":false},"author":1,"featured_media":0,"parent":0,"menu_order":0,"comment_status":"closed","ping_status":"closed","template":"","meta":{"footnotes":"","_links_to":"","_links_to_target":""},"_links":{"self":[{"href":"https:\/\/cec-regina.com.ar\/index.php?rest_route=\/wp\/v2\/pages\/503"}],"collection":[{"href":"https:\/\/cec-regina.com.ar\/index.php?rest_route=\/wp\/v2\/pages"}],"about":[{"href":"https:\/\/cec-regina.com.ar\/index.php?rest_route=\/wp\/v2\/types\/page"}],"author":[{"embeddable":true,"href":"https:\/\/cec-regina.com.ar\/index.php?rest_route=\/wp\/v2\/users\/1"}],"replies":[{"embeddable":true,"href":"https:\/\/cec-regina.com.ar\/index.php?rest_route=%2Fwp%2Fv2%2Fcomments&post=503"}],"version-history":[{"count":3,"href":"https:\/\/cec-regina.com.ar\/index.php?rest_route=\/wp\/v2\/pages\/503\/revisions"}],"predecessor-version":[{"id":507,"href":"https:\/\/cec-regina.com.ar\/index.php?rest_route=\/wp\/v2\/pages\/503\/revisions\/507"}],"wp:attachment":[{"href":"https:\/\/cec-regina.com.ar\/index.php?rest_route=%2Fwp%2Fv2%2Fmedia&parent=503"}],"curies":[{"name":"wp","href":"https:\/\/api.w.org\/{rel}","templated":true}]}}