{"id":515,"date":"2022-05-31T22:17:54","date_gmt":"2022-05-31T22:17:54","guid":{"rendered":"http:\/\/cec-regina.com.ar\/?page_id=515"},"modified":"2024-09-10T22:44:13","modified_gmt":"2024-09-10T22:44:13","slug":"licencia-por-maternidad","status":"publish","type":"page","link":"https:\/\/cec-regina.com.ar\/?page_id=515","title":{"rendered":"Licencia por Maternidad"},"content":{"rendered":"<p>&nbsp;<\/p>\n<p>En la licencia por maternidad, sin goce de haberes para el empleador, ANSES abonar\u00e1 sus salarios durante el per\u00edodo de 90 d\u00edas.<\/p>\n<p>Una vez terminada la licencia paga, la trabajadora tiene derecho a una licencia especial, sin goce de sueldos por un per\u00edodo entre 3 y 6 meses, con una previa notificaci\u00f3n fehaciente al empleador. En caso que decida rescindir su contrato de trabajo, ser\u00e1 desvinculada percibiendo una compensaci\u00f3n econ\u00f3mica.<\/p>\n<p>Adem\u00e1s se debe tener en cuenta que una vez terminada la licencia paga por maternidad, la trabajadora tendr\u00e1 derecho a una hora diaria para amamantar a su beb\u00e9, durante un a\u00f1o.<\/p>\n<p>La mujer embarazada no puede ser despedida en el per\u00edodo que va desde los 7 meses y medio anteriores y posteriores al parto. Si ello se produce, tiene derecho a la respectiva indemnizaci\u00f3n, m\u00e1s una indemnizaci\u00f3n especial, equivalente a un a\u00f1o de remuneraciones.<\/p>\n<p><img decoding=\"async\" loading=\"lazy\" class=\"aligncenter wp-image-516 size-large\" src=\"http:\/\/cec-regina.com.ar\/wp-content\/uploads\/2022\/05\/matern-1024x538.png\" alt=\"\" width=\"604\" height=\"317\" srcset=\"https:\/\/cec-regina.com.ar\/wp-content\/uploads\/2022\/05\/matern-1024x538.png 1024w, https:\/\/cec-regina.com.ar\/wp-content\/uploads\/2022\/05\/matern-300x158.png 300w, https:\/\/cec-regina.com.ar\/wp-content\/uploads\/2022\/05\/matern-768x403.png 768w, https:\/\/cec-regina.com.ar\/wp-content\/uploads\/2022\/05\/matern.png 1200w\" sizes=\"(max-width: 604px) 100vw, 604px\" \/><\/p>\n","protected":false},"excerpt":{"rendered":"<p>&nbsp; En la licencia por maternidad, sin goce de haberes para el empleador, ANSES abonar\u00e1 sus salarios durante el per\u00edodo de 90 d\u00edas. Una vez terminada la licencia paga, la trabajadora tiene<a class=\"moretag\" href=\"https:\/\/cec-regina.com.ar\/?page_id=515\">Leer m\u00e1s&#8230;<\/a><\/p>\n","protected":false},"author":1,"featured_media":0,"parent":0,"menu_order":0,"comment_status":"closed","ping_status":"closed","template":"","meta":{"footnotes":"","_links_to":"","_links_to_target":""},"_links":{"self":[{"href":"https:\/\/cec-regina.com.ar\/index.php?rest_route=\/wp\/v2\/pages\/515"}],"collection":[{"href":"https:\/\/cec-regina.com.ar\/index.php?rest_route=\/wp\/v2\/pages"}],"about":[{"href":"https:\/\/cec-regina.com.ar\/index.php?rest_route=\/wp\/v2\/types\/page"}],"author":[{"embeddable":true,"href":"https:\/\/cec-regina.com.ar\/index.php?rest_route=\/wp\/v2\/users\/1"}],"replies":[{"embeddable":true,"href":"https:\/\/cec-regina.com.ar\/index.php?rest_route=%2Fwp%2Fv2%2Fcomments&post=515"}],"version-history":[{"count":3,"href":"https:\/\/cec-regina.com.ar\/index.php?rest_route=\/wp\/v2\/pages\/515\/revisions"}],"predecessor-version":[{"id":2404,"href":"https:\/\/cec-regina.com.ar\/index.php?rest_route=\/wp\/v2\/pages\/515\/revisions\/2404"}],"wp:attachment":[{"href":"https:\/\/cec-regina.com.ar\/index.php?rest_route=%2Fwp%2Fv2%2Fmedia&parent=515"}],"curies":[{"name":"wp","href":"https:\/\/api.w.org\/{rel}","templated":true}]}}