{"id":521,"date":"2022-06-01T00:18:07","date_gmt":"2022-06-01T00:18:07","guid":{"rendered":"http:\/\/cec-regina.com.ar\/?page_id=521"},"modified":"2022-06-01T11:26:52","modified_gmt":"2022-06-01T11:26:52","slug":"jornada-laboral","status":"publish","type":"page","link":"https:\/\/cec-regina.com.ar\/?page_id=521","title":{"rendered":"Jornada Laboral"},"content":{"rendered":"<p>&nbsp;<\/p>\n<p>&nbsp;<\/p>\n<p>La jornada laboral no debe exceder de las 48 horas semanales o 200 horas mensuales. Se considera desde el d\u00eda lunes, hasta el d\u00eda s\u00e1bado a las 13 horas. Superando dicha jornada, si coincide durante d\u00edas de semana (de lunes a viernes) se abonan las horas suplementarias un 50% y si se superan los d\u00edas s\u00e1bados y domingos despu\u00e9s de las 13 horas y hasta el domingo a las 24 horas, se abona cada hora un 100%, m\u00e1s el franco compensatorio que debe ser otorgado en la semana inmediata siguiente.<\/p>\n<p>Todas las horas fuera de la jornada normal, son liquidadas en el recibo junto con los haberes del mes.<\/p>\n","protected":false},"excerpt":{"rendered":"<p>&nbsp; &nbsp; La jornada laboral no debe exceder de las 48 horas semanales o 200 horas mensuales. Se considera desde el d\u00eda lunes, hasta el d\u00eda s\u00e1bado a las 13 horas. Superando<a class=\"moretag\" href=\"https:\/\/cec-regina.com.ar\/?page_id=521\">Leer m\u00e1s&#8230;<\/a><\/p>\n","protected":false},"author":1,"featured_media":0,"parent":0,"menu_order":0,"comment_status":"closed","ping_status":"closed","template":"","meta":{"footnotes":"","_links_to":"","_links_to_target":""},"_links":{"self":[{"href":"https:\/\/cec-regina.com.ar\/index.php?rest_route=\/wp\/v2\/pages\/521"}],"collection":[{"href":"https:\/\/cec-regina.com.ar\/index.php?rest_route=\/wp\/v2\/pages"}],"about":[{"href":"https:\/\/cec-regina.com.ar\/index.php?rest_route=\/wp\/v2\/types\/page"}],"author":[{"embeddable":true,"href":"https:\/\/cec-regina.com.ar\/index.php?rest_route=\/wp\/v2\/users\/1"}],"replies":[{"embeddable":true,"href":"https:\/\/cec-regina.com.ar\/index.php?rest_route=%2Fwp%2Fv2%2Fcomments&post=521"}],"version-history":[{"count":2,"href":"https:\/\/cec-regina.com.ar\/index.php?rest_route=\/wp\/v2\/pages\/521\/revisions"}],"predecessor-version":[{"id":524,"href":"https:\/\/cec-regina.com.ar\/index.php?rest_route=\/wp\/v2\/pages\/521\/revisions\/524"}],"wp:attachment":[{"href":"https:\/\/cec-regina.com.ar\/index.php?rest_route=%2Fwp%2Fv2%2Fmedia&parent=521"}],"curies":[{"name":"wp","href":"https:\/\/api.w.org\/{rel}","templated":true}]}}