{"id":525,"date":"2022-06-01T11:33:02","date_gmt":"2022-06-01T11:33:02","guid":{"rendered":"http:\/\/cec-regina.com.ar\/?page_id=525"},"modified":"2022-06-01T11:50:15","modified_gmt":"2022-06-01T11:50:15","slug":"seguridad-e-higiene-laboral","status":"publish","type":"page","link":"https:\/\/cec-regina.com.ar\/?page_id=525","title":{"rendered":"Seguridad e Higiene Laboral"},"content":{"rendered":"<p>&nbsp;<\/p>\n<p>El empleador est\u00e1 obligado a proveer elementos de seguridad seg\u00fan el riesgo profesional de cada actividad y seg\u00fan sea necesario. La entrega debe constar de dos equipos por a\u00f1o.<\/p>\n<p>Prevenir enfermedades y lesiones producto del desarrollo diario laboral, es una gran responsabilidad compartida entre el trabajador y el empleador.<\/p>\n<p>Todo trabajador tiene derecho a ser capacitado en prevenci\u00f3n para su seguridad e higiene en el \u00e1mbito laboral.<\/p>\n<p>&nbsp;<\/p>\n<p>Se ha establecido, a partir de Enero de 2014, mediante acuerdo tripartito entre Sector de Trabajadores, Empleadores y Ministerio de Trabajo,\u00a0<b>la modificaci\u00f3n del Listado de Enfermedades Profesionales<\/b>\u00a0aprobado por Decreto 658\/96.<strong> <a href=\"http:\/\/cec-regina.com.ar\/wp-content\/uploads\/2022\/06\/circular_201401.pdf\">Ver PDF\u00a0<\/a><\/strong><\/p>\n","protected":false},"excerpt":{"rendered":"<p>&nbsp; El empleador est\u00e1 obligado a proveer elementos de seguridad seg\u00fan el riesgo profesional de cada actividad y seg\u00fan sea necesario. La entrega debe constar de dos equipos por a\u00f1o. Prevenir enfermedades<a class=\"moretag\" href=\"https:\/\/cec-regina.com.ar\/?page_id=525\">Leer m\u00e1s&#8230;<\/a><\/p>\n","protected":false},"author":1,"featured_media":0,"parent":0,"menu_order":0,"comment_status":"closed","ping_status":"closed","template":"","meta":{"footnotes":"","_links_to":"","_links_to_target":""},"_links":{"self":[{"href":"https:\/\/cec-regina.com.ar\/index.php?rest_route=\/wp\/v2\/pages\/525"}],"collection":[{"href":"https:\/\/cec-regina.com.ar\/index.php?rest_route=\/wp\/v2\/pages"}],"about":[{"href":"https:\/\/cec-regina.com.ar\/index.php?rest_route=\/wp\/v2\/types\/page"}],"author":[{"embeddable":true,"href":"https:\/\/cec-regina.com.ar\/index.php?rest_route=\/wp\/v2\/users\/1"}],"replies":[{"embeddable":true,"href":"https:\/\/cec-regina.com.ar\/index.php?rest_route=%2Fwp%2Fv2%2Fcomments&post=525"}],"version-history":[{"count":7,"href":"https:\/\/cec-regina.com.ar\/index.php?rest_route=\/wp\/v2\/pages\/525\/revisions"}],"predecessor-version":[{"id":535,"href":"https:\/\/cec-regina.com.ar\/index.php?rest_route=\/wp\/v2\/pages\/525\/revisions\/535"}],"wp:attachment":[{"href":"https:\/\/cec-regina.com.ar\/index.php?rest_route=%2Fwp%2Fv2%2Fmedia&parent=525"}],"curies":[{"name":"wp","href":"https:\/\/api.w.org\/{rel}","templated":true}]}}