{"id":537,"date":"2022-06-01T12:03:23","date_gmt":"2022-06-01T12:03:23","guid":{"rendered":"http:\/\/cec-regina.com.ar\/?page_id=537"},"modified":"2022-06-01T12:04:04","modified_gmt":"2022-06-01T12:04:04","slug":"licencias-ordinarias-por-vacaciones","status":"publish","type":"page","link":"https:\/\/cec-regina.com.ar\/?page_id=537","title":{"rendered":"Licencias Ordinarias por Vacaciones"},"content":{"rendered":"<p>&nbsp;<\/p>\n<p>Seg\u00fan la antig\u00fcedad que tenga el trabajador, el per\u00edodo de goce de vacaciones es desde el 10 de octubre al 30 de abril. El salario de dichos d\u00edas se abona antes del inicio del per\u00edodo vacacional.<\/p>\n<p>Si el trabajador padece una enfermedad durante el per\u00edodo mencionado, tendr\u00e1 derecho a ampliar las vacaciones por la misma cantidad de d\u00edas que estuvo enfermo.<\/p>\n<p><img decoding=\"async\" loading=\"lazy\" class=\"aligncenter wp-image-540 size-large\" src=\"http:\/\/cec-regina.com.ar\/wp-content\/uploads\/2022\/06\/VACACIONES-1024x369.png\" alt=\"\" width=\"604\" height=\"218\" srcset=\"https:\/\/cec-regina.com.ar\/wp-content\/uploads\/2022\/06\/VACACIONES-1024x369.png 1024w, https:\/\/cec-regina.com.ar\/wp-content\/uploads\/2022\/06\/VACACIONES-300x108.png 300w, https:\/\/cec-regina.com.ar\/wp-content\/uploads\/2022\/06\/VACACIONES-768x277.png 768w, https:\/\/cec-regina.com.ar\/wp-content\/uploads\/2022\/06\/VACACIONES.png 1192w\" sizes=\"(max-width: 604px) 100vw, 604px\" \/><\/p>\n","protected":false},"excerpt":{"rendered":"<p>&nbsp; Seg\u00fan la antig\u00fcedad que tenga el trabajador, el per\u00edodo de goce de vacaciones es desde el 10 de octubre al 30 de abril. El salario de dichos d\u00edas se abona antes<a class=\"moretag\" href=\"https:\/\/cec-regina.com.ar\/?page_id=537\">Leer m\u00e1s&#8230;<\/a><\/p>\n","protected":false},"author":1,"featured_media":0,"parent":0,"menu_order":0,"comment_status":"closed","ping_status":"closed","template":"","meta":{"footnotes":"","_links_to":"","_links_to_target":""},"_links":{"self":[{"href":"https:\/\/cec-regina.com.ar\/index.php?rest_route=\/wp\/v2\/pages\/537"}],"collection":[{"href":"https:\/\/cec-regina.com.ar\/index.php?rest_route=\/wp\/v2\/pages"}],"about":[{"href":"https:\/\/cec-regina.com.ar\/index.php?rest_route=\/wp\/v2\/types\/page"}],"author":[{"embeddable":true,"href":"https:\/\/cec-regina.com.ar\/index.php?rest_route=\/wp\/v2\/users\/1"}],"replies":[{"embeddable":true,"href":"https:\/\/cec-regina.com.ar\/index.php?rest_route=%2Fwp%2Fv2%2Fcomments&post=537"}],"version-history":[{"count":2,"href":"https:\/\/cec-regina.com.ar\/index.php?rest_route=\/wp\/v2\/pages\/537\/revisions"}],"predecessor-version":[{"id":541,"href":"https:\/\/cec-regina.com.ar\/index.php?rest_route=\/wp\/v2\/pages\/537\/revisions\/541"}],"wp:attachment":[{"href":"https:\/\/cec-regina.com.ar\/index.php?rest_route=%2Fwp%2Fv2%2Fmedia&parent=537"}],"curies":[{"name":"wp","href":"https:\/\/api.w.org\/{rel}","templated":true}]}}