{"id":611,"date":"2022-06-01T13:59:25","date_gmt":"2022-06-01T13:59:25","guid":{"rendered":"http:\/\/cec-regina.com.ar\/?page_id=611"},"modified":"2025-03-20T11:44:57","modified_gmt":"2025-03-20T11:44:57","slug":"recien-nacidos","status":"publish","type":"page","link":"https:\/\/cec-regina.com.ar\/?page_id=611","title":{"rendered":"Reci\u00e9n Nacidos"},"content":{"rendered":"<h5><\/h5>\n<h4><\/h4>\n<h4>\u00a0 \u00a0 \u00a0 \u00a0 \u00a0El sindicato hace entrega a los Reci\u00e9n Nacidos: Un Set de Ajuar y Pa\u00f1ales durante los primeros 8 meses del beb\u00e9<\/h4>\n<div id='gallery-2' class='gallery galleryid-611 gallery-columns-3 gallery-size-thumbnail'><dl class='gallery-item'>\n\t\t\t<dt class='gallery-icon portrait'>\n\t\t\t\t<a href='https:\/\/cec-regina.com.ar\/wp-content\/uploads\/2025\/03\/BEBE-2025.png'><img width=\"150\" height=\"150\" src=\"https:\/\/cec-regina.com.ar\/wp-content\/uploads\/2025\/03\/BEBE-2025-150x150.png\" class=\"attachment-thumbnail size-thumbnail\" alt=\"\" decoding=\"async\" loading=\"lazy\" \/><\/a>\n\t\t\t<\/dt><\/dl><dl class='gallery-item'>\n\t\t\t<dt class='gallery-icon portrait'>\n\t\t\t\t<a href='https:\/\/cec-regina.com.ar\/wp-content\/uploads\/2025\/01\/beb.png'><img width=\"150\" height=\"150\" src=\"https:\/\/cec-regina.com.ar\/wp-content\/uploads\/2025\/01\/beb-150x150.png\" class=\"attachment-thumbnail size-thumbnail\" alt=\"\" decoding=\"async\" loading=\"lazy\" \/><\/a>\n\t\t\t<\/dt><\/dl><dl class='gallery-item'>\n\t\t\t<dt class='gallery-icon portrait'>\n\t\t\t\t<a href='https:\/\/cec-regina.com.ar\/wp-content\/uploads\/2025\/01\/bebe-2.png'><img width=\"150\" height=\"150\" src=\"https:\/\/cec-regina.com.ar\/wp-content\/uploads\/2025\/01\/bebe-2-150x150.png\" class=\"attachment-thumbnail size-thumbnail\" alt=\"\" decoding=\"async\" loading=\"lazy\" \/><\/a>\n\t\t\t<\/dt><\/dl><br style=\"clear: both\" \/><dl class='gallery-item'>\n\t\t\t<dt class='gallery-icon portrait'>\n\t\t\t\t<a href='https:\/\/cec-regina.com.ar\/wp-content\/uploads\/2024\/11\/bebe-2.png'><img width=\"150\" height=\"150\" src=\"https:\/\/cec-regina.com.ar\/wp-content\/uploads\/2024\/11\/bebe-2-150x150.png\" class=\"attachment-thumbnail size-thumbnail\" alt=\"\" decoding=\"async\" loading=\"lazy\" \/><\/a>\n\t\t\t<\/dt><\/dl><dl class='gallery-item'>\n\t\t\t<dt class='gallery-icon portrait'>\n\t\t\t\t<a href='https:\/\/cec-regina.com.ar\/wp-content\/uploads\/2024\/09\/qer.jpg'><img width=\"150\" height=\"150\" src=\"https:\/\/cec-regina.com.ar\/wp-content\/uploads\/2024\/09\/qer-150x150.jpg\" class=\"attachment-thumbnail size-thumbnail\" alt=\"\" decoding=\"async\" loading=\"lazy\" \/><\/a>\n\t\t\t<\/dt><\/dl><dl class='gallery-item'>\n\t\t\t<dt class='gallery-icon portrait'>\n\t\t\t\t<a href='https:\/\/cec-regina.com.ar\/wp-content\/uploads\/2024\/03\/lx1.png'><img width=\"150\" height=\"150\" src=\"https:\/\/cec-regina.com.ar\/wp-content\/uploads\/2024\/03\/lx1-150x150.png\" class=\"attachment-thumbnail size-thumbnail\" alt=\"\" decoding=\"async\" loading=\"lazy\" \/><\/a>\n\t\t\t<\/dt><\/dl><br style=\"clear: both\" \/><dl class='gallery-item'>\n\t\t\t<dt class='gallery-icon portrait'>\n\t\t\t\t<a href='https:\/\/cec-regina.com.ar\/wp-content\/uploads\/2024\/02\/mmm.png'><img width=\"150\" height=\"150\" src=\"https:\/\/cec-regina.com.ar\/wp-content\/uploads\/2024\/02\/mmm-150x150.png\" class=\"attachment-thumbnail size-thumbnail\" alt=\"\" decoding=\"async\" loading=\"lazy\" \/><\/a>\n\t\t\t<\/dt><\/dl><dl class='gallery-item'>\n\t\t\t<dt class='gallery-icon portrait'>\n\t\t\t\t<a href='https:\/\/cec-regina.com.ar\/wp-content\/uploads\/2023\/11\/ddd444.png'><img width=\"150\" height=\"150\" src=\"https:\/\/cec-regina.com.ar\/wp-content\/uploads\/2023\/11\/ddd444-150x150.png\" class=\"attachment-thumbnail size-thumbnail\" alt=\"\" decoding=\"async\" loading=\"lazy\" \/><\/a>\n\t\t\t<\/dt><\/dl><dl class='gallery-item'>\n\t\t\t<dt class='gallery-icon portrait'>\n\t\t\t\t<a href='https:\/\/cec-regina.com.ar\/wp-content\/uploads\/2023\/11\/dfg.png'><img width=\"150\" height=\"150\" src=\"https:\/\/cec-regina.com.ar\/wp-content\/uploads\/2023\/11\/dfg-150x150.png\" class=\"attachment-thumbnail size-thumbnail\" alt=\"\" decoding=\"async\" loading=\"lazy\" \/><\/a>\n\t\t\t<\/dt><\/dl><br style=\"clear: both\" \/><dl class='gallery-item'>\n\t\t\t<dt class='gallery-icon portrait'>\n\t\t\t\t<a href='https:\/\/cec-regina.com.ar\/wp-content\/uploads\/2023\/10\/IMG-20231006-WA0048.jpg'><img width=\"150\" height=\"150\" src=\"https:\/\/cec-regina.com.ar\/wp-content\/uploads\/2023\/10\/IMG-20231006-WA0048-150x150.jpg\" class=\"attachment-thumbnail size-thumbnail\" alt=\"\" decoding=\"async\" loading=\"lazy\" \/><\/a>\n\t\t\t<\/dt><\/dl><dl class='gallery-item'>\n\t\t\t<dt class='gallery-icon portrait'>\n\t\t\t\t<a href='https:\/\/cec-regina.com.ar\/wp-content\/uploads\/2023\/10\/s2.png'><img width=\"150\" height=\"150\" src=\"https:\/\/cec-regina.com.ar\/wp-content\/uploads\/2023\/10\/s2-150x150.png\" class=\"attachment-thumbnail size-thumbnail\" alt=\"\" decoding=\"async\" loading=\"lazy\" srcset=\"https:\/\/cec-regina.com.ar\/wp-content\/uploads\/2023\/10\/s2-150x150.png 150w, https:\/\/cec-regina.com.ar\/wp-content\/uploads\/2023\/10\/s2-900x900.png 900w\" sizes=\"(max-width: 150px) 100vw, 150px\" \/><\/a>\n\t\t\t<\/dt><\/dl><dl class='gallery-item'>\n\t\t\t<dt class='gallery-icon portrait'>\n\t\t\t\t<a href='https:\/\/cec-regina.com.ar\/wp-content\/uploads\/2023\/10\/s5.png'><img width=\"150\" height=\"150\" src=\"https:\/\/cec-regina.com.ar\/wp-content\/uploads\/2023\/10\/s5-150x150.png\" class=\"attachment-thumbnail size-thumbnail\" alt=\"\" decoding=\"async\" loading=\"lazy\" srcset=\"https:\/\/cec-regina.com.ar\/wp-content\/uploads\/2023\/10\/s5-150x150.png 150w, https:\/\/cec-regina.com.ar\/wp-content\/uploads\/2023\/10\/s5-900x900.png 900w\" sizes=\"(max-width: 150px) 100vw, 150px\" \/><\/a>\n\t\t\t<\/dt><\/dl><br style=\"clear: both\" \/><dl class='gallery-item'>\n\t\t\t<dt class='gallery-icon portrait'>\n\t\t\t\t<a href='https:\/\/cec-regina.com.ar\/wp-content\/uploads\/2023\/10\/s6.png'><img width=\"150\" height=\"150\" src=\"https:\/\/cec-regina.com.ar\/wp-content\/uploads\/2023\/10\/s6-150x150.png\" class=\"attachment-thumbnail size-thumbnail\" alt=\"\" decoding=\"async\" loading=\"lazy\" srcset=\"https:\/\/cec-regina.com.ar\/wp-content\/uploads\/2023\/10\/s6-150x150.png 150w, https:\/\/cec-regina.com.ar\/wp-content\/uploads\/2023\/10\/s6-900x900.png 900w\" sizes=\"(max-width: 150px) 100vw, 150px\" \/><\/a>\n\t\t\t<\/dt><\/dl><dl class='gallery-item'>\n\t\t\t<dt class='gallery-icon portrait'>\n\t\t\t\t<a href='https:\/\/cec-regina.com.ar\/wp-content\/uploads\/2023\/10\/IMG-20231006-WA0064.jpg'><img width=\"150\" height=\"150\" src=\"https:\/\/cec-regina.com.ar\/wp-content\/uploads\/2023\/10\/IMG-20231006-WA0064-150x150.jpg\" class=\"attachment-thumbnail size-thumbnail\" alt=\"\" decoding=\"async\" loading=\"lazy\" \/><\/a>\n\t\t\t<\/dt><\/dl><dl class='gallery-item'>\n\t\t\t<dt class='gallery-icon portrait'>\n\t\t\t\t<a href='https:\/\/cec-regina.com.ar\/wp-content\/uploads\/2023\/10\/s8.png'><img width=\"150\" height=\"150\" src=\"https:\/\/cec-regina.com.ar\/wp-content\/uploads\/2023\/10\/s8-150x150.png\" class=\"attachment-thumbnail size-thumbnail\" alt=\"\" decoding=\"async\" loading=\"lazy\" srcset=\"https:\/\/cec-regina.com.ar\/wp-content\/uploads\/2023\/10\/s8-150x150.png 150w, https:\/\/cec-regina.com.ar\/wp-content\/uploads\/2023\/10\/s8-900x900.png 900w\" sizes=\"(max-width: 150px) 100vw, 150px\" \/><\/a>\n\t\t\t<\/dt><\/dl><br style=\"clear: both\" \/><dl class='gallery-item'>\n\t\t\t<dt class='gallery-icon portrait'>\n\t\t\t\t<a href='https:\/\/cec-regina.com.ar\/wp-content\/uploads\/2023\/10\/IMG-20231006-WA0066.jpg'><img width=\"150\" height=\"150\" src=\"https:\/\/cec-regina.com.ar\/wp-content\/uploads\/2023\/10\/IMG-20231006-WA0066-150x150.jpg\" class=\"attachment-thumbnail size-thumbnail\" alt=\"\" decoding=\"async\" loading=\"lazy\" srcset=\"https:\/\/cec-regina.com.ar\/wp-content\/uploads\/2023\/10\/IMG-20231006-WA0066-150x150.jpg 150w, https:\/\/cec-regina.com.ar\/wp-content\/uploads\/2023\/10\/IMG-20231006-WA0066-909x900.jpg 909w\" sizes=\"(max-width: 150px) 100vw, 150px\" \/><\/a>\n\t\t\t<\/dt><\/dl><dl class='gallery-item'>\n\t\t\t<dt class='gallery-icon portrait'>\n\t\t\t\t<a href='https:\/\/cec-regina.com.ar\/wp-content\/uploads\/2023\/10\/s7.png'><img width=\"150\" height=\"150\" src=\"https:\/\/cec-regina.com.ar\/wp-content\/uploads\/2023\/10\/s7-150x150.png\" class=\"attachment-thumbnail size-thumbnail\" alt=\"\" decoding=\"async\" loading=\"lazy\" srcset=\"https:\/\/cec-regina.com.ar\/wp-content\/uploads\/2023\/10\/s7-150x150.png 150w, https:\/\/cec-regina.com.ar\/wp-content\/uploads\/2023\/10\/s7-900x900.png 900w\" sizes=\"(max-width: 150px) 100vw, 150px\" \/><\/a>\n\t\t\t<\/dt><\/dl><dl class='gallery-item'>\n\t\t\t<dt class='gallery-icon portrait'>\n\t\t\t\t<a href='https:\/\/cec-regina.com.ar\/wp-content\/uploads\/2023\/10\/IMG-20231006-WA0051.jpg'><img width=\"150\" height=\"150\" src=\"https:\/\/cec-regina.com.ar\/wp-content\/uploads\/2023\/10\/IMG-20231006-WA0051-150x150.jpg\" class=\"attachment-thumbnail size-thumbnail\" alt=\"\" decoding=\"async\" loading=\"lazy\" \/><\/a>\n\t\t\t<\/dt><\/dl><br style=\"clear: both\" \/><dl class='gallery-item'>\n\t\t\t<dt class='gallery-icon portrait'>\n\t\t\t\t<a href='https:\/\/cec-regina.com.ar\/wp-content\/uploads\/2023\/10\/IMG-20231006-WA0053.jpg'><img width=\"150\" height=\"150\" src=\"https:\/\/cec-regina.com.ar\/wp-content\/uploads\/2023\/10\/IMG-20231006-WA0053-150x150.jpg\" class=\"attachment-thumbnail size-thumbnail\" alt=\"\" decoding=\"async\" loading=\"lazy\" \/><\/a>\n\t\t\t<\/dt><\/dl><dl class='gallery-item'>\n\t\t\t<dt class='gallery-icon portrait'>\n\t\t\t\t<a href='https:\/\/cec-regina.com.ar\/wp-content\/uploads\/2023\/10\/IMG-20231006-WA0055.jpg'><img width=\"150\" height=\"150\" src=\"https:\/\/cec-regina.com.ar\/wp-content\/uploads\/2023\/10\/IMG-20231006-WA0055-150x150.jpg\" class=\"attachment-thumbnail size-thumbnail\" alt=\"\" decoding=\"async\" loading=\"lazy\" \/><\/a>\n\t\t\t<\/dt><\/dl><dl class='gallery-item'>\n\t\t\t<dt class='gallery-icon portrait'>\n\t\t\t\t<a href='https:\/\/cec-regina.com.ar\/wp-content\/uploads\/2023\/10\/IMG-20231006-WA0058.jpg'><img width=\"150\" height=\"150\" src=\"https:\/\/cec-regina.com.ar\/wp-content\/uploads\/2023\/10\/IMG-20231006-WA0058-150x150.jpg\" class=\"attachment-thumbnail size-thumbnail\" alt=\"\" decoding=\"async\" loading=\"lazy\" \/><\/a>\n\t\t\t<\/dt><\/dl><br style=\"clear: both\" \/><dl class='gallery-item'>\n\t\t\t<dt class='gallery-icon portrait'>\n\t\t\t\t<a href='https:\/\/cec-regina.com.ar\/wp-content\/uploads\/2023\/10\/IMG-20231006-WA0054.jpg'><img width=\"150\" height=\"150\" src=\"https:\/\/cec-regina.com.ar\/wp-content\/uploads\/2023\/10\/IMG-20231006-WA0054-150x150.jpg\" class=\"attachment-thumbnail size-thumbnail\" alt=\"\" decoding=\"async\" loading=\"lazy\" \/><\/a>\n\t\t\t<\/dt><\/dl><dl class='gallery-item'>\n\t\t\t<dt class='gallery-icon portrait'>\n\t\t\t\t<a href='https:\/\/cec-regina.com.ar\/wp-content\/uploads\/2023\/10\/s3.png'><img width=\"150\" height=\"150\" src=\"https:\/\/cec-regina.com.ar\/wp-content\/uploads\/2023\/10\/s3-150x150.png\" class=\"attachment-thumbnail size-thumbnail\" alt=\"\" decoding=\"async\" loading=\"lazy\" srcset=\"https:\/\/cec-regina.com.ar\/wp-content\/uploads\/2023\/10\/s3-150x150.png 150w, https:\/\/cec-regina.com.ar\/wp-content\/uploads\/2023\/10\/s3-900x900.png 900w\" sizes=\"(max-width: 150px) 100vw, 150px\" \/><\/a>\n\t\t\t<\/dt><\/dl><dl class='gallery-item'>\n\t\t\t<dt class='gallery-icon portrait'>\n\t\t\t\t<a href='https:\/\/cec-regina.com.ar\/wp-content\/uploads\/2023\/10\/IMG-20231006-WA0057.jpg'><img width=\"150\" height=\"150\" src=\"https:\/\/cec-regina.com.ar\/wp-content\/uploads\/2023\/10\/IMG-20231006-WA0057-150x150.jpg\" class=\"attachment-thumbnail size-thumbnail\" alt=\"\" decoding=\"async\" loading=\"lazy\" \/><\/a>\n\t\t\t<\/dt><\/dl><br style=\"clear: both\" \/><dl class='gallery-item'>\n\t\t\t<dt class='gallery-icon portrait'>\n\t\t\t\t<a href='https:\/\/cec-regina.com.ar\/wp-content\/uploads\/2023\/10\/IMG-20231006-WA0062.jpg'><img width=\"150\" height=\"150\" src=\"https:\/\/cec-regina.com.ar\/wp-content\/uploads\/2023\/10\/IMG-20231006-WA0062-150x150.jpg\" class=\"attachment-thumbnail size-thumbnail\" alt=\"\" decoding=\"async\" loading=\"lazy\" \/><\/a>\n\t\t\t<\/dt><\/dl><dl class='gallery-item'>\n\t\t\t<dt class='gallery-icon portrait'>\n\t\t\t\t<a href='https:\/\/cec-regina.com.ar\/wp-content\/uploads\/2023\/10\/IMG-20231006-WA0060.jpg'><img width=\"150\" height=\"150\" src=\"https:\/\/cec-regina.com.ar\/wp-content\/uploads\/2023\/10\/IMG-20231006-WA0060-150x150.jpg\" class=\"attachment-thumbnail size-thumbnail\" alt=\"\" decoding=\"async\" loading=\"lazy\" \/><\/a>\n\t\t\t<\/dt><\/dl><dl class='gallery-item'>\n\t\t\t<dt class='gallery-icon landscape'>\n\t\t\t\t<a href='https:\/\/cec-regina.com.ar\/wp-content\/uploads\/2023\/10\/IMG-20231006-WA0059.jpg'><img width=\"150\" height=\"150\" src=\"https:\/\/cec-regina.com.ar\/wp-content\/uploads\/2023\/10\/IMG-20231006-WA0059-150x150.jpg\" class=\"attachment-thumbnail size-thumbnail\" alt=\"\" decoding=\"async\" loading=\"lazy\" \/><\/a>\n\t\t\t<\/dt><\/dl><br style=\"clear: both\" \/><dl class='gallery-item'>\n\t\t\t<dt class='gallery-icon landscape'>\n\t\t\t\t<a href='https:\/\/cec-regina.com.ar\/wp-content\/uploads\/2023\/10\/IMG-20231006-WA0061.jpg'><img width=\"150\" height=\"150\" src=\"https:\/\/cec-regina.com.ar\/wp-content\/uploads\/2023\/10\/IMG-20231006-WA0061-150x150.jpg\" class=\"attachment-thumbnail size-thumbnail\" alt=\"\" decoding=\"async\" loading=\"lazy\" \/><\/a>\n\t\t\t<\/dt><\/dl>\n\t\t\t<br style='clear: both' \/>\n\t\t<\/div>\n\n<p>&nbsp;<\/p>\n<p>&nbsp;<\/p>\n","protected":false},"excerpt":{"rendered":"<p>\u00a0 \u00a0 \u00a0 \u00a0 \u00a0El sindicato hace entrega a los Reci\u00e9n Nacidos: Un Set de Ajuar y Pa\u00f1ales durante los primeros 8 meses del beb\u00e9 &nbsp; &nbsp;<\/p>\n","protected":false},"author":1,"featured_media":0,"parent":0,"menu_order":0,"comment_status":"closed","ping_status":"closed","template":"","meta":{"footnotes":"","_links_to":"","_links_to_target":""},"_links":{"self":[{"href":"https:\/\/cec-regina.com.ar\/index.php?rest_route=\/wp\/v2\/pages\/611"}],"collection":[{"href":"https:\/\/cec-regina.com.ar\/index.php?rest_route=\/wp\/v2\/pages"}],"about":[{"href":"https:\/\/cec-regina.com.ar\/index.php?rest_route=\/wp\/v2\/types\/page"}],"author":[{"embeddable":true,"href":"https:\/\/cec-regina.com.ar\/index.php?rest_route=\/wp\/v2\/users\/1"}],"replies":[{"embeddable":true,"href":"https:\/\/cec-regina.com.ar\/index.php?rest_route=%2Fwp%2Fv2%2Fcomments&post=611"}],"version-history":[{"count":53,"href":"https:\/\/cec-regina.com.ar\/index.php?rest_route=\/wp\/v2\/pages\/611\/revisions"}],"predecessor-version":[{"id":2584,"href":"https:\/\/cec-regina.com.ar\/index.php?rest_route=\/wp\/v2\/pages\/611\/revisions\/2584"}],"wp:attachment":[{"href":"https:\/\/cec-regina.com.ar\/index.php?rest_route=%2Fwp%2Fv2%2Fmedia&parent=611"}],"curies":[{"name":"wp","href":"https:\/\/api.w.org\/{rel}","templated":true}]}}