{"id":617,"date":"2022-06-01T14:00:40","date_gmt":"2022-06-01T14:00:40","guid":{"rendered":"http:\/\/cec-regina.com.ar\/?page_id=617"},"modified":"2022-06-02T19:51:46","modified_gmt":"2022-06-02T19:51:46","slug":"turismo","status":"publish","type":"page","link":"https:\/\/cec-regina.com.ar\/?page_id=617","title":{"rendered":"Turismo"},"content":{"rendered":"<p>&nbsp;<\/p>\n<p>Contamos con distintos hoteles para disfrutar del turismo durante todo el a\u00f1o en diferentes puntos tur\u00edsticos del pa\u00eds: Mar del Plata, Mendoza y Buenos Aires entre otros.<\/p>\n<p><a href=\"http:\/\/granhotelbuenosaires.com\/\"><img decoding=\"async\" loading=\"lazy\" class=\"wp-image-928 aligncenter\" src=\"http:\/\/cec-regina.com.ar\/wp-content\/uploads\/2022\/06\/hotel.jpgxxxxxxxxxx.jpg\" alt=\"\" width=\"800\" height=\"312\" srcset=\"https:\/\/cec-regina.com.ar\/wp-content\/uploads\/2022\/06\/hotel.jpgxxxxxxxxxx.jpg 1260w, https:\/\/cec-regina.com.ar\/wp-content\/uploads\/2022\/06\/hotel.jpgxxxxxxxxxx-300x117.jpg 300w, https:\/\/cec-regina.com.ar\/wp-content\/uploads\/2022\/06\/hotel.jpgxxxxxxxxxx-1024x400.jpg 1024w, https:\/\/cec-regina.com.ar\/wp-content\/uploads\/2022\/06\/hotel.jpgxxxxxxxxxx-768x300.jpg 768w\" sizes=\"(max-width: 800px) 100vw, 800px\" \/><\/a><\/p>\n<p><a href=\"http:\/\/alvarezarguelles.com\/hotel\/hotel-riviera\/\"><img decoding=\"async\" loading=\"lazy\" class=\"alignnone wp-image-935\" src=\"http:\/\/cec-regina.com.ar\/wp-content\/uploads\/2022\/06\/hotel-3-300x117.jpg\" alt=\"\" width=\"800\" height=\"312\" srcset=\"https:\/\/cec-regina.com.ar\/wp-content\/uploads\/2022\/06\/hotel-3-300x117.jpg 300w, https:\/\/cec-regina.com.ar\/wp-content\/uploads\/2022\/06\/hotel-3-1024x400.jpg 1024w, https:\/\/cec-regina.com.ar\/wp-content\/uploads\/2022\/06\/hotel-3-768x300.jpg 768w, https:\/\/cec-regina.com.ar\/wp-content\/uploads\/2022\/06\/hotel-3.jpg 1260w\" sizes=\"(max-width: 800px) 100vw, 800px\" \/><\/a><\/p>\n<p><img decoding=\"async\" loading=\"lazy\" class=\"wp-image-937 alignright\" src=\"http:\/\/cec-regina.com.ar\/wp-content\/uploads\/2022\/06\/HOTEL-4-300x117.jpg\" alt=\"\" width=\"800\" height=\"311\" srcset=\"https:\/\/cec-regina.com.ar\/wp-content\/uploads\/2022\/06\/HOTEL-4-300x117.jpg 300w, https:\/\/cec-regina.com.ar\/wp-content\/uploads\/2022\/06\/HOTEL-4-768x299.jpg 768w, https:\/\/cec-regina.com.ar\/wp-content\/uploads\/2022\/06\/HOTEL-4.jpg 892w\" sizes=\"(max-width: 800px) 100vw, 800px\" \/><\/p>\n","protected":false},"excerpt":{"rendered":"<p>&nbsp; Contamos con distintos hoteles para disfrutar del turismo durante todo el a\u00f1o en diferentes puntos tur\u00edsticos del pa\u00eds: Mar del Plata, Mendoza y Buenos Aires entre otros.<\/p>\n","protected":false},"author":1,"featured_media":0,"parent":0,"menu_order":0,"comment_status":"closed","ping_status":"closed","template":"","meta":{"footnotes":"","_links_to":"","_links_to_target":""},"_links":{"self":[{"href":"https:\/\/cec-regina.com.ar\/index.php?rest_route=\/wp\/v2\/pages\/617"}],"collection":[{"href":"https:\/\/cec-regina.com.ar\/index.php?rest_route=\/wp\/v2\/pages"}],"about":[{"href":"https:\/\/cec-regina.com.ar\/index.php?rest_route=\/wp\/v2\/types\/page"}],"author":[{"embeddable":true,"href":"https:\/\/cec-regina.com.ar\/index.php?rest_route=\/wp\/v2\/users\/1"}],"replies":[{"embeddable":true,"href":"https:\/\/cec-regina.com.ar\/index.php?rest_route=%2Fwp%2Fv2%2Fcomments&post=617"}],"version-history":[{"count":10,"href":"https:\/\/cec-regina.com.ar\/index.php?rest_route=\/wp\/v2\/pages\/617\/revisions"}],"predecessor-version":[{"id":929,"href":"https:\/\/cec-regina.com.ar\/index.php?rest_route=\/wp\/v2\/pages\/617\/revisions\/929"}],"wp:attachment":[{"href":"https:\/\/cec-regina.com.ar\/index.php?rest_route=%2Fwp%2Fv2%2Fmedia&parent=617"}],"curies":[{"name":"wp","href":"https:\/\/api.w.org\/{rel}","templated":true}]}}