{"id":619,"date":"2022-06-01T14:01:02","date_gmt":"2022-06-01T14:01:02","guid":{"rendered":"http:\/\/cec-regina.com.ar\/?page_id=619"},"modified":"2022-06-06T13:38:21","modified_gmt":"2022-06-06T13:38:21","slug":"servicio-de-ortopedia","status":"publish","type":"page","link":"https:\/\/cec-regina.com.ar\/?page_id=619","title":{"rendered":"Servicio de Ortopedia"},"content":{"rendered":"<p>&nbsp;<\/p>\n<p><img decoding=\"async\" loading=\"lazy\" class=\" wp-image-896 alignleft\" src=\"http:\/\/cec-regina.com.ar\/wp-content\/uploads\/2022\/06\/ortop-300x133.png\" alt=\"\" width=\"444\" height=\"197\" srcset=\"https:\/\/cec-regina.com.ar\/wp-content\/uploads\/2022\/06\/ortop-300x133.png 300w, https:\/\/cec-regina.com.ar\/wp-content\/uploads\/2022\/06\/ortop-1024x455.png 1024w, https:\/\/cec-regina.com.ar\/wp-content\/uploads\/2022\/06\/ortop-768x341.png 768w, https:\/\/cec-regina.com.ar\/wp-content\/uploads\/2022\/06\/ortop-604x270.png 604w, https:\/\/cec-regina.com.ar\/wp-content\/uploads\/2022\/06\/ortop.png 1122w\" sizes=\"(max-width: 444px) 100vw, 444px\" \/><\/p>\n<p>&nbsp;<\/p>\n<p>Nuestro sindicato brinda para los afiliados en calidad de pr\u00e9stamo;<\/p>\n<p>sillas de ruedas, muletas, bastones, andadores , f\u00e9rulas y tambi\u00e9n nebulizadores.<\/p>\n","protected":false},"excerpt":{"rendered":"<p>&nbsp; &nbsp; Nuestro sindicato brinda para los afiliados en calidad de pr\u00e9stamo; sillas de ruedas, muletas, bastones, andadores , f\u00e9rulas y tambi\u00e9n nebulizadores.<\/p>\n","protected":false},"author":1,"featured_media":0,"parent":0,"menu_order":0,"comment_status":"closed","ping_status":"closed","template":"","meta":{"footnotes":"","_links_to":"","_links_to_target":""},"_links":{"self":[{"href":"https:\/\/cec-regina.com.ar\/index.php?rest_route=\/wp\/v2\/pages\/619"}],"collection":[{"href":"https:\/\/cec-regina.com.ar\/index.php?rest_route=\/wp\/v2\/pages"}],"about":[{"href":"https:\/\/cec-regina.com.ar\/index.php?rest_route=\/wp\/v2\/types\/page"}],"author":[{"embeddable":true,"href":"https:\/\/cec-regina.com.ar\/index.php?rest_route=\/wp\/v2\/users\/1"}],"replies":[{"embeddable":true,"href":"https:\/\/cec-regina.com.ar\/index.php?rest_route=%2Fwp%2Fv2%2Fcomments&post=619"}],"version-history":[{"count":7,"href":"https:\/\/cec-regina.com.ar\/index.php?rest_route=\/wp\/v2\/pages\/619\/revisions"}],"predecessor-version":[{"id":1174,"href":"https:\/\/cec-regina.com.ar\/index.php?rest_route=\/wp\/v2\/pages\/619\/revisions\/1174"}],"wp:attachment":[{"href":"https:\/\/cec-regina.com.ar\/index.php?rest_route=%2Fwp%2Fv2%2Fmedia&parent=619"}],"curies":[{"name":"wp","href":"https:\/\/api.w.org\/{rel}","templated":true}]}}