{"id":621,"date":"2022-06-01T14:01:18","date_gmt":"2022-06-01T14:01:18","guid":{"rendered":"http:\/\/cec-regina.com.ar\/?page_id=621"},"modified":"2024-09-10T22:50:18","modified_gmt":"2024-09-10T22:50:18","slug":"farmacias","status":"publish","type":"page","link":"https:\/\/cec-regina.com.ar\/?page_id=621","title":{"rendered":"Odontolog\u00eda"},"content":{"rendered":"<p>&nbsp;<\/p>\n<div class='white' style='background:rgba(0,0,0,0); border:solid 0px rgba(0,0,0,0); border-radius:0px; padding:0px 0px 0px 0px;'>\n<div id='slider_1090' class='owl-carousel sa_owl_theme owl-pagination-true autohide-arrows' data-slider-id='slider_1090' style='visibility:hidden;'>\n<div id='slider_1090_slide01' class='sa_hover_container' style='padding:5% 5%; margin:0px 0%; background-image:url(&quot;https:\/\/cec-regina.com.ar\/wp-content\/uploads\/2022\/06\/kkl.jpg&quot;); background-position:center center; background-size:contain; background-repeat:no-repeat; '><\/div>\n<div id='slider_1090_slide02' class='sa_hover_container' style='padding:5% 5%; margin:0px 0%; background-image:url(&quot;https:\/\/cec-regina.com.ar\/wp-content\/uploads\/2022\/06\/kkl.jpg&quot;); background-position:center center; background-size:contain; background-repeat:no-repeat; '><\/div>\n<div id='slider_1090_slide03' class='sa_hover_container' style='padding:5% 5%; margin:0px 0%; background-image:url(&quot;https:\/\/cec-regina.com.ar\/wp-content\/uploads\/2022\/06\/kkl.jpg&quot;); background-position:center center; background-size:contain; background-repeat:no-repeat; '><\/div>\n<\/div>\n<\/div>\n<script type='text\/javascript'>\n\tjQuery(document).ready(function() {\n\t\tjQuery('#slider_1090').owlCarousel({\n\t\t\titems : 1,\n\t\t\tsmartSpeed : 200,\n\t\t\tautoplay : true,\n\t\t\tautoplayTimeout : 2400,\n\t\t\tautoplayHoverPause : true,\n\t\t\tsmartSpeed : 200,\n\t\t\tfluidSpeed : 200,\n\t\t\tautoplaySpeed : 200,\n\t\t\tnavSpeed : 200,\n\t\t\tdotsSpeed : 200,\n\t\t\tloop : true,\n\t\t\tnav : true,\n\t\t\tnavText : ['Previous','Next'],\n\t\t\tdots : true,\n\t\t\tresponsiveRefreshRate : 200,\n\t\t\tslideBy : 1,\n\t\t\tmergeFit : true,\n\t\t\tautoHeight : false,\n\t\t\tmouseDrag : false,\n\t\t\ttouchDrag : true\n\t\t});\n\t\tjQuery('#slider_1090').css('visibility', 'visible');\n\t\tsa_resize_slider_1090();\n\t\twindow.addEventListener('resize', sa_resize_slider_1090);\n\t\tfunction sa_resize_slider_1090() {\n\t\t\tvar min_height = '8';\n\t\t\tvar win_width = jQuery(window).width();\n\t\t\tvar slider_width = jQuery('#slider_1090').width();\n\t\t\tif (win_width < 480) {\n\t\t\t\tvar slide_width = slider_width \/ 1;\n\t\t\t} else if (win_width < 768) {\n\t\t\t\tvar slide_width = slider_width \/ 1;\n\t\t\t} else if (win_width < 980) {\n\t\t\t\tvar slide_width = slider_width \/ 1;\n\t\t\t} else if (win_width < 1200) {\n\t\t\t\tvar slide_width = slider_width \/ 1;\n\t\t\t} else if (win_width < 1500) {\n\t\t\t\tvar slide_width = slider_width \/ 1;\n\t\t\t} else {\n\t\t\t\tvar slide_width = slider_width \/ 1;\n\t\t\t}\n\t\t\tslide_width = Math.round(slide_width);\n\t\t\tvar slide_height = '0';\n\t\t\tif (min_height == 'aspect43') {\n\t\t\t\tslide_height = (slide_width \/ 4) * 3;\t\t\t\tslide_height = Math.round(slide_height);\n\t\t\t} else if (min_height == 'aspect169') {\n\t\t\t\tslide_height = (slide_width \/ 16) * 9;\t\t\t\tslide_height = Math.round(slide_height);\n\t\t\t} else {\n\t\t\t\tslide_height = (slide_width \/ 100) * min_height;\t\t\t\tslide_height = Math.round(slide_height);\n\t\t\t}\n\t\t\tjQuery('#slider_1090 .owl-item .sa_hover_container').css('min-height', slide_height+'px');\n\t\t}\n\t\tvar owl_goto = jQuery('#slider_1090');\n\t\tjQuery('.slider_1090_goto1').click(function(event){\n\t\t\towl_goto.trigger('to.owl.carousel', 0);\n\t\t});\n\t\tjQuery('.slider_1090_goto2').click(function(event){\n\t\t\towl_goto.trigger('to.owl.carousel', 1);\n\t\t});\n\t\tjQuery('.slider_1090_goto3').click(function(event){\n\t\t\towl_goto.trigger('to.owl.carousel', 2);\n\t\t});\n\t\tvar resize_1090 = jQuery('.owl-carousel');\n\t\tresize_1090.on('initialized.owl.carousel', function(e) {\n\t\t\tif (typeof(Event) === 'function') {\n\t\t\t\twindow.dispatchEvent(new Event('resize'));\n\t\t\t} else {\n\t\t\t\tvar evt = window.document.createEvent('UIEvents');\n\t\t\t\tevt.initUIEvent('resize', true, false, window, 0);\n\t\t\t\twindow.dispatchEvent(evt);\n\t\t\t}\n\t\t});\n\t});\n<\/script>\n\n<hr \/>\n<p><img decoding=\"async\" loading=\"lazy\" class=\"wp-image-1093 alignleft\" src=\"http:\/\/cec-regina.com.ar\/wp-content\/uploads\/2022\/06\/nbnbvnbn-169x300.jpeg\" alt=\"\" width=\"378\" height=\"671\" srcset=\"https:\/\/cec-regina.com.ar\/wp-content\/uploads\/2022\/06\/nbnbvnbn-169x300.jpeg 169w, https:\/\/cec-regina.com.ar\/wp-content\/uploads\/2022\/06\/nbnbvnbn-576x1024.jpeg 576w, https:\/\/cec-regina.com.ar\/wp-content\/uploads\/2022\/06\/nbnbvnbn.jpeg 720w\" sizes=\"(max-width: 378px) 100vw, 378px\" \/><\/p>\n<p>&nbsp;<\/p>\n<p><strong>Odont\u00f3loga<\/strong><\/p>\n<p><strong>Dra. Belluno Fernanda<\/strong><\/p>\n<p><strong>Atiende en Centro Empleado de Comercio<\/strong><\/p>\n<p><strong>Los d\u00edas Lunes &#8211; Mi\u00e9rcoles y Jueves en el Horario de 820 a 12:20 Hs<\/strong><\/p>\n<p>&nbsp;<\/p>\n","protected":false},"excerpt":{"rendered":"<p>&nbsp; &nbsp; Odont\u00f3loga Dra. Belluno Fernanda Atiende en Centro Empleado de Comercio Los d\u00edas Lunes &#8211; Mi\u00e9rcoles y Jueves en el Horario de 820 a 12:20 Hs &nbsp;<\/p>\n","protected":false},"author":1,"featured_media":0,"parent":0,"menu_order":0,"comment_status":"closed","ping_status":"closed","template":"","meta":{"footnotes":"","_links_to":"","_links_to_target":""},"_links":{"self":[{"href":"https:\/\/cec-regina.com.ar\/index.php?rest_route=\/wp\/v2\/pages\/621"}],"collection":[{"href":"https:\/\/cec-regina.com.ar\/index.php?rest_route=\/wp\/v2\/pages"}],"about":[{"href":"https:\/\/cec-regina.com.ar\/index.php?rest_route=\/wp\/v2\/types\/page"}],"author":[{"embeddable":true,"href":"https:\/\/cec-regina.com.ar\/index.php?rest_route=\/wp\/v2\/users\/1"}],"replies":[{"embeddable":true,"href":"https:\/\/cec-regina.com.ar\/index.php?rest_route=%2Fwp%2Fv2%2Fcomments&post=621"}],"version-history":[{"count":12,"href":"https:\/\/cec-regina.com.ar\/index.php?rest_route=\/wp\/v2\/pages\/621\/revisions"}],"predecessor-version":[{"id":2409,"href":"https:\/\/cec-regina.com.ar\/index.php?rest_route=\/wp\/v2\/pages\/621\/revisions\/2409"}],"wp:attachment":[{"href":"https:\/\/cec-regina.com.ar\/index.php?rest_route=%2Fwp%2Fv2%2Fmedia&parent=621"}],"curies":[{"name":"wp","href":"https:\/\/api.w.org\/{rel}","templated":true}]}}