{"id":623,"date":"2022-06-01T14:01:28","date_gmt":"2022-06-01T14:01:28","guid":{"rendered":"http:\/\/cec-regina.com.ar\/?page_id=623"},"modified":"2024-09-10T22:49:15","modified_gmt":"2024-09-10T22:49:15","slug":"optica","status":"publish","type":"page","link":"https:\/\/cec-regina.com.ar\/?page_id=623","title":{"rendered":"\u00d3ptica"},"content":{"rendered":"<p>&nbsp;<\/p>\n<p><img decoding=\"async\" loading=\"lazy\" class=\" wp-image-889 aligncenter\" src=\"http:\/\/cec-regina.com.ar\/wp-content\/uploads\/2022\/06\/opt-300x164.png\" alt=\"\" width=\"333\" height=\"182\" srcset=\"https:\/\/cec-regina.com.ar\/wp-content\/uploads\/2022\/06\/opt-300x164.png 300w, https:\/\/cec-regina.com.ar\/wp-content\/uploads\/2022\/06\/opt-768x419.png 768w, https:\/\/cec-regina.com.ar\/wp-content\/uploads\/2022\/06\/opt.png 770w\" sizes=\"(max-width: 333px) 100vw, 333px\" \/><\/p>\n<p style=\"text-align: center;\">Se reintegra un 40% en cristales cualquiera sea su tipo con la<\/p>\n<p style=\"text-align: center;\">presentaci\u00f3n de la factura de la \u00f3ptica, prescripci\u00f3n m\u00e9dica<\/p>\n<p style=\"text-align: center;\">y fotocopia del \u00faltimo recibo de sueldo y carnet de socio.<\/p>\n","protected":false},"excerpt":{"rendered":"<p>&nbsp; Se reintegra un 40% en cristales cualquiera sea su tipo con la presentaci\u00f3n de la factura de la \u00f3ptica, prescripci\u00f3n m\u00e9dica y fotocopia del \u00faltimo recibo de sueldo y carnet de<a class=\"moretag\" href=\"https:\/\/cec-regina.com.ar\/?page_id=623\">Leer m\u00e1s&#8230;<\/a><\/p>\n","protected":false},"author":1,"featured_media":0,"parent":0,"menu_order":0,"comment_status":"closed","ping_status":"closed","template":"","meta":{"footnotes":"","_links_to":"","_links_to_target":""},"_links":{"self":[{"href":"https:\/\/cec-regina.com.ar\/index.php?rest_route=\/wp\/v2\/pages\/623"}],"collection":[{"href":"https:\/\/cec-regina.com.ar\/index.php?rest_route=\/wp\/v2\/pages"}],"about":[{"href":"https:\/\/cec-regina.com.ar\/index.php?rest_route=\/wp\/v2\/types\/page"}],"author":[{"embeddable":true,"href":"https:\/\/cec-regina.com.ar\/index.php?rest_route=\/wp\/v2\/users\/1"}],"replies":[{"embeddable":true,"href":"https:\/\/cec-regina.com.ar\/index.php?rest_route=%2Fwp%2Fv2%2Fcomments&post=623"}],"version-history":[{"count":9,"href":"https:\/\/cec-regina.com.ar\/index.php?rest_route=\/wp\/v2\/pages\/623\/revisions"}],"predecessor-version":[{"id":2408,"href":"https:\/\/cec-regina.com.ar\/index.php?rest_route=\/wp\/v2\/pages\/623\/revisions\/2408"}],"wp:attachment":[{"href":"https:\/\/cec-regina.com.ar\/index.php?rest_route=%2Fwp%2Fv2%2Fmedia&parent=623"}],"curies":[{"name":"wp","href":"https:\/\/api.w.org\/{rel}","templated":true}]}}